{"id":7,"date":"2018-10-01T13:05:39","date_gmt":"2018-10-01T13:05:39","guid":{"rendered":"http:\/\/gypsue.com\/?page_id=7"},"modified":"2024-01-20T10:51:22","modified_gmt":"2024-01-20T10:51:22","slug":"qui-suis-je","status":"publish","type":"page","link":"https:\/\/gypsue.com\/?page_id=7","title":{"rendered":"QUI SUIS-JE ?"},"content":{"rendered":"<div class=\"vce-row-container\" data-vce-boxed-width=\"true\"><div class=\"vce-row vce-row--col-gap-30 vce-row-equal-height vce-row-content--top\" id=\"el-5cd45082\" data-vce-do-apply=\"all el-5cd45082\"><div class=\"vce-row-content\" data-vce-element-content=\"true\"><div class=\"vce-col vce-col--md-auto vce-col--xs-1 vce-col--xs-last vce-col--xs-first vce-col--sm-last vce-col--sm-first vce-col--md-last vce-col--lg-last vce-col--xl-last vce-col--md-first vce-col--lg-first vce-col--xl-first\" id=\"el-bacae15c\"><div class=\"vce-col-inner\" data-vce-do-apply=\"border margin background  el-bacae15c\"><div class=\"vce-col-content\" data-vce-element-content=\"true\" data-vce-do-apply=\"padding el-bacae15c\"><div class=\"vce-text-block\"><div class=\"vce-text-block-wrapper vce\" id=\"el-cd3393ff\" data-vce-do-apply=\"all el-cd3393ff\"><p class=\"MsoNormal\" style=\"margin-bottom: 7.5pt; line-height: normal; background-image: initial; background-position: initial; background-size: initial; background-repeat: initial; background-attachment: initial; background-origin: initial; background-clip: initial;\"><span style=\"font-size: 12pt; font-family: 'Open Sans', sans-serif;\">Je me pr\u00e9nomme Suzy et tout le monde m\u2019appelle \"Sue\"<\/span><\/p>\n<p class=\"MsoNormal\" style=\"margin-bottom: 7.5pt; line-height: normal; background-image: initial; background-position: initial; background-size: initial; background-repeat: initial; background-attachment: initial; background-origin: initial; background-clip: initial;\"><span style=\"font-size: 12pt; font-family: 'Open Sans', sans-serif;\">Je suis une trentenaire, parisienne, altruiste, curieuse et passionn\u00e9e de voyages. D\u00e8s mon jeune \u00e2ge j\u2019ai \u00e9t\u00e9 intrigu\u00e9e par les diff\u00e9rences culturelles et raciales.<\/span><\/p>\n<p class=\"MsoNormal\" style=\"margin-bottom: 7.5pt; line-height: normal; background-image: initial; background-position: initial; background-size: initial; background-repeat: initial; background-attachment: initial; background-origin: initial; background-clip: initial;\"><span style=\"font-size: 12pt; font-family: 'Open Sans', sans-serif;\">N\u00e9e au Cameroun et arriv\u00e9e en France \u00e0 l'\u00e2ge de 11 ans, ce duo culturel m\u2019a permis de d\u00e9velopper ma curiosit\u00e9. En Afrique j\u2019ai eu une enfance privil\u00e9gi\u00e9e, quelques voyages \u00e0 l\u2019int\u00e9rieur du pays (une vie de nomade) gr\u00e2ce \u00e0 la fonction de mon papa de c\u0153ur. Puis \u00e0 mon arriv\u00e9e \u00e0 Paris j'ai \u00e9t\u00e9 \u00e9duqu\u00e9e dans une culture compl\u00e8tement fran\u00e7aise gr\u00e2ce \u00e0 mon beau-p\u00e8re. Ce m\u00e9tissage s'est \u00e9galement d\u00e9fini dans mes choix (musicaux relationnelles, personnelles etc.\u2026)&nbsp; Alors quand j'ai atteint la majorit\u00e9, je n'avais qu'une envie : voyager, explorer le monde. Voyage rimant avec finances, j\u2019ai d\u00fb attendre 2004 pour vraiment d\u00e9buter mon p\u00e9riple. Disposant de peu de ressources, j\u2019avais commenc\u00e9 par quelques pays frontaliers de la FRANCE.<\/span><\/p>\n<p class=\"MsoNormal\" style=\"margin-bottom: 7.5pt; line-height: normal; background-image: initial; background-position: initial; background-size: initial; background-repeat: initial; background-attachment: initial; background-origin: initial; background-clip: initial;\"><span style=\"font-size: 12pt; font-family: 'Open Sans', sans-serif;\">A l'\u00e9poque c'\u00e9tait paradoxal parce que les personnes que je rencontrais lors de mes voyages me disaient \u00eatre stup\u00e9faites par mon courage de voyager seule en tant que jeune fille, de surcro\u00eet noire et Africaine (ceux ne sont pas vos m\u0153urs disaient elles) C est inhabituel, alors j'ai eu des parents, des fr\u00e8res, et s\u0153urs de route qui m\u2019ont beaucoup appris et apport\u00e9.<\/span><\/p>\n<p class=\"MsoNormal\" style=\"margin-bottom: 7.5pt; line-height: normal; background-image: initial; background-position: initial; background-size: initial; background-repeat: initial; background-attachment: initial; background-origin: initial; background-clip: initial;\"><span style=\"font-size: 12pt; font-family: 'Open Sans', sans-serif;\">D\u00e8s lors depuis 2005, je me suis d\u00e9finie comme une Nomade, une Gitane, une Mbororo , une Gypsy . J\u2019ai la bougeotte:)<\/span><\/p>\n<p class=\"MsoNormal\" style=\"margin: 15pt 0cm 7.5pt; line-height: normal; background-image: initial; background-position: initial; background-size: initial; background-repeat: initial; background-attachment: initial; background-origin: initial; background-clip: initial;\"><span style=\"font-size: 22.5pt; font-family: 'inherit',serif; mso-fareast-font-family: 'Times New Roman'; mso-bidi-font-family: 'Open Sans'; color: black; mso-fareast-language: FR;\">Le choix de nom du blog<\/span><\/p>\n<p class=\"MsoNormal\" style=\"margin-bottom: 0cm; line-height: normal; background-image: initial; background-position: initial; background-size: initial; background-repeat: initial; background-attachment: initial; background-origin: initial; background-clip: initial;\"><strong><em><span style=\"font-size: 12pt; font-family: 'Open Sans', sans-serif;\">Pourquoi ? GYP&nbsp; \/ SUE<\/span><\/em><\/strong><em><span style=\"font-size: 12pt; font-family: 'Open Sans', sans-serif;\">&nbsp;<\/span><\/em><\/p>\n<p class=\"MsoNormal\" style=\"margin-bottom: 0cm; line-height: normal; background-image: initial; background-position: initial; background-size: initial; background-repeat: initial; background-attachment: initial; background-origin: initial; background-clip: initial;\"><span style=\"font-size: 12pt; font-family: 'Open Sans', sans-serif;\">&nbsp;<\/span><\/p>\n<p class=\"MsoNormal\" style=\"margin-bottom: 0cm; line-height: normal; background-image: initial; background-position: initial; background-size: initial; background-repeat: initial; background-attachment: initial; background-origin: initial; background-clip: initial;\"><span style=\"font-size: 12pt; font-family: 'Open Sans', sans-serif;\">C'est l'union de la nomade, la femme voyageuse que je suis et de mon pr\u00e9nom. C'est court, facile \u00e0 prononcer et \u00e0 retenir.<\/span><\/p>\n<p class=\"MsoNormal\" style=\"margin-bottom: 0cm; line-height: normal; background-image: initial; background-position: initial; background-size: initial; background-repeat: initial; background-attachment: initial; background-origin: initial; background-clip: initial;\"><span style=\"font-size: 12pt; font-family: 'Open Sans', sans-serif;\">&nbsp;<\/span><\/p>\n<p class=\"MsoNormal\" style=\"margin-bottom: 0cm; line-height: normal; background-image: initial; background-position: initial; background-size: initial; background-repeat: initial; background-attachment: initial; background-origin: initial; background-clip: initial;\"><strong><span style=\"font-size: 12pt; font-family: 'Open Sans', sans-serif;\">GYPSUE<\/span><\/strong><span style=\"font-size: 12pt; font-family: 'Open Sans', sans-serif;\">&nbsp;:&nbsp; est un blog de voyage et de partage, qui vous fera d\u00e9couvrir des destinations \u00e0 travers le monde, gr\u00e2ce \u00e0 mes exp\u00e9riences voyages.<\/span><\/p>\n<p class=\"MsoNormal\" style=\"margin-bottom: 0cm; line-height: normal; background-image: initial; background-position: initial; background-size: initial; background-repeat: initial; background-attachment: initial; background-origin: initial; background-clip: initial;\"><span style=\"font-size: 12pt; font-family: 'Open Sans', sans-serif;\">&nbsp;<\/span><\/p>\n<p class=\"MsoNormal\" style=\"margin-bottom: 0cm; line-height: normal; background-image: initial; background-position: initial; background-size: initial; background-repeat: initial; background-attachment: initial; background-origin: initial; background-clip: initial;\"><strong><em><span style=\"font-size: 12pt; font-family: 'Open Sans', sans-serif;\">Pourquoi ce choix maintenant ?<\/span><\/em><\/strong><\/p>\n<p class=\"MsoNormal\" style=\"margin-bottom: 0cm; line-height: normal; background-image: initial; background-position: initial; background-size: initial; background-repeat: initial; background-attachment: initial; background-origin: initial; background-clip: initial;\"><span style=\"font-size: 12pt; font-family: 'Open Sans', sans-serif;\">Je suis celle qui croit que les choses arrivent et se font au moment opportuns (Rien n\u2019est Hasard)<\/span><\/p>\n<p>&nbsp;<\/p>\n<p class=\"MsoNormal\" style=\"margin-bottom: 0cm; line-height: normal; background-image: initial; background-position: initial; background-size: initial; background-repeat: initial; background-attachment: initial; background-origin: initial; background-clip: initial;\"><span style=\"font-size: 12pt; font-family: 'Open Sans', sans-serif;\">Mais la maturit\u00e9, l\u2019exp\u00e9rience, ma vision actuelle de la vie et la perte des \u00eatres ch\u00e8res sont des facteurs d\u00e9clencheur \u00e0 la cr\u00e9ation de ce blog voyage.<\/span><\/p><\/div><\/div><\/div><\/div><\/div><\/div><\/div><\/div>\n","protected":false},"excerpt":{"rendered":"<p>Je me pr\u00e9nomme Suzy et tout le monde m\u2019appelle \u00ab\u00a0Sue\u00a0\u00bb Je suis une trentenaire, parisienne, altruiste, curieuse et passionn\u00e9e de&hellip;<\/p>\n","protected":false},"author":1,"featured_media":0,"parent":0,"menu_order":0,"comment_status":"closed","ping_status":"closed","template":"","meta":{"footnotes":""},"_links":{"self":[{"href":"https:\/\/gypsue.com\/index.php?rest_route=\/wp\/v2\/pages\/7"}],"collection":[{"href":"https:\/\/gypsue.com\/index.php?rest_route=\/wp\/v2\/pages"}],"about":[{"href":"https:\/\/gypsue.com\/index.php?rest_route=\/wp\/v2\/types\/page"}],"author":[{"embeddable":true,"href":"https:\/\/gypsue.com\/index.php?rest_route=\/wp\/v2\/users\/1"}],"replies":[{"embeddable":true,"href":"https:\/\/gypsue.com\/index.php?rest_route=%2Fwp%2Fv2%2Fcomments&post=7"}],"version-history":[{"count":15,"href":"https:\/\/gypsue.com\/index.php?rest_route=\/wp\/v2\/pages\/7\/revisions"}],"predecessor-version":[{"id":1501,"href":"https:\/\/gypsue.com\/index.php?rest_route=\/wp\/v2\/pages\/7\/revisions\/1501"}],"wp:attachment":[{"href":"https:\/\/gypsue.com\/index.php?rest_route=%2Fwp%2Fv2%2Fmedia&parent=7"}],"curies":[{"name":"wp","href":"https:\/\/api.w.org\/{rel}","templated":true}]}}